{"id":324,"date":"2021-08-06T09:37:51","date_gmt":"2021-08-06T06:37:51","guid":{"rendered":"http:\/\/consulting.stylemixthemes.com\/demo\/?page_id=324"},"modified":"2025-09-29T07:52:54","modified_gmt":"2025-09-29T04:52:54","slug":"testimonials-jinkao","status":"publish","type":"page","link":"https:\/\/jinkaitrade.com\/en\/testimonials-jinkao\/","title":{"rendered":"Customers' Opinions"},"content":{"rendered":"<div class=\"vc_row wpb_row vc_row-fluid vc_custom_1452077539315\"><div class=\"wpb_column vc_column_container vc_col-sm-12\"><div class=\"vc_column-inner\"><div class=\"wpb_wrapper\">\n\n            <div class=\"stm_testimonials cols_2 style_2\">\n                            <div class=\"item\">\n                    <div class=\"testimonial\"><p>Jinkai helps us shorten time and effort and save expenses, by obtaining distinctive products, at very reasonable prices. <\/p>\n<\/div>\n                    <div class=\"testimonial-info clearfix\">\n                        <div class=\"testimonial-image\"><img width=\"50\" height=\"50\" src=\"https:\/\/jinkaitrade.com\/wp-content\/uploads\/2021\/01\/1-50x50.jpg\" class=\"attachment-consulting-image-50x50-croped size-consulting-image-50x50-croped wp-post-image\" alt=\"\" loading=\"lazy\" srcset=\"https:\/\/jinkaitrade.com\/wp-content\/uploads\/2021\/01\/1-50x50.jpg 50w, https:\/\/jinkaitrade.com\/wp-content\/uploads\/2021\/01\/1-150x150.jpg 150w, https:\/\/jinkaitrade.com\/wp-content\/uploads\/2021\/01\/1-100x100.jpg 100w, https:\/\/jinkaitrade.com\/wp-content\/uploads\/2021\/01\/1.jpg 300w\" sizes=\"(max-width: 50px) 100vw, 50px\" \/><\/div>\n                        <div class=\"testimonial-text\">\n                            <div class=\"name\">Tamayuz Al Raqi Company<\/div>\n                            <div class=\"company\">\n                                Al Riyadh, Saudi Arabia                            <\/div>\n                        <\/div>\n                    <\/div>\n                <\/div>\n                            <div class=\"item\">\n                    <div class=\"testimonial\"><p>Jinkai has a qualified procurement team, they have worked in Saudi malls, then moved to work in China, and this helped us to distinguish our purchases and compete strongly..<\/p>\n<\/div>\n                    <div class=\"testimonial-info clearfix\">\n                        <div class=\"testimonial-image\"><img width=\"50\" height=\"50\" src=\"https:\/\/jinkaitrade.com\/wp-content\/uploads\/2021\/01\/2-50x50.jpg\" class=\"attachment-consulting-image-50x50-croped size-consulting-image-50x50-croped wp-post-image\" alt=\"\" loading=\"lazy\" srcset=\"https:\/\/jinkaitrade.com\/wp-content\/uploads\/2021\/01\/2-50x50.jpg 50w, https:\/\/jinkaitrade.com\/wp-content\/uploads\/2021\/01\/2-150x150.jpg 150w, https:\/\/jinkaitrade.com\/wp-content\/uploads\/2021\/01\/2-100x100.jpg 100w, https:\/\/jinkaitrade.com\/wp-content\/uploads\/2021\/01\/2.jpg 300w\" sizes=\"(max-width: 50px) 100vw, 50px\" \/><\/div>\n                        <div class=\"testimonial-text\">\n                            <div class=\"name\">Peony Company<\/div>\n                            <div class=\"company\">\n                                Al Riyadh, Saudi Arabia                            <\/div>\n                        <\/div>\n                    <\/div>\n                <\/div>\n                            <div class=\"item\">\n                    <div class=\"testimonial\"><p>We fully trust Jinkai, who are our agents in purchasing our company's products from China, and through our continuous dealings with them, we have found their dealings characterized by the spirit of credibility and transparency<\/p>\n<\/div>\n                    <div class=\"testimonial-info clearfix\">\n                        <div class=\"testimonial-image\"><img width=\"50\" height=\"50\" src=\"https:\/\/jinkaitrade.com\/wp-content\/uploads\/2016\/01\/Untitled-3-50x50.jpg\" class=\"attachment-consulting-image-50x50-croped size-consulting-image-50x50-croped wp-post-image\" alt=\"\" loading=\"lazy\" srcset=\"https:\/\/jinkaitrade.com\/wp-content\/uploads\/2016\/01\/Untitled-3-50x50.jpg 50w, https:\/\/jinkaitrade.com\/wp-content\/uploads\/2016\/01\/Untitled-3-150x150.jpg 150w, https:\/\/jinkaitrade.com\/wp-content\/uploads\/2016\/01\/Untitled-3-100x100.jpg 100w, https:\/\/jinkaitrade.com\/wp-content\/uploads\/2016\/01\/Untitled-3.jpg 300w\" sizes=\"(max-width: 50px) 100vw, 50px\" \/><\/div>\n                        <div class=\"testimonial-text\">\n                            <div class=\"name\">Gift Land Company<\/div>\n                            <div class=\"company\">\n                                Al Riyadh, Saudi Arabia                            <\/div>\n                        <\/div>\n                    <\/div>\n                <\/div>\n                            <div class=\"item\">\n                    <div class=\"testimonial\"><p>good relationship and perfect  reputation of jinkai with Chinese factories and companies , helped us to accelerate the manufacturing and receive of goods in record times and with high quality <\/p>\n<\/div>\n                    <div class=\"testimonial-info clearfix\">\n                        <div class=\"testimonial-image\"><img width=\"50\" height=\"50\" src=\"https:\/\/jinkaitrade.com\/wp-content\/uploads\/2016\/01\/4-50x50.jpg\" class=\"attachment-consulting-image-50x50-croped size-consulting-image-50x50-croped wp-post-image\" alt=\"\" loading=\"lazy\" srcset=\"https:\/\/jinkaitrade.com\/wp-content\/uploads\/2016\/01\/4-50x50.jpg 50w, https:\/\/jinkaitrade.com\/wp-content\/uploads\/2016\/01\/4-150x150.jpg 150w, https:\/\/jinkaitrade.com\/wp-content\/uploads\/2016\/01\/4-100x100.jpg 100w, https:\/\/jinkaitrade.com\/wp-content\/uploads\/2016\/01\/4.jpg 300w\" sizes=\"(max-width: 50px) 100vw, 50px\" \/><\/div>\n                        <div class=\"testimonial-text\">\n                            <div class=\"name\">Almustakbal al akeed<\/div>\n                            <div class=\"company\">\n                                Al Riyadh, Saudi Arabia                            <\/div>\n                        <\/div>\n                    <\/div>\n                <\/div>\n                    <\/div>\n    \n<div class=\"vc_empty_space\"   style=\"height: 32px\"><span class=\"vc_empty_space_inner\"><\/span><\/div><\/div><\/div><\/div><\/div><div data-vc-full-width=\"true\" data-vc-full-width-init=\"false\" class=\"vc_row wpb_row vc_row-fluid third_bg_color\"><div class=\"wpb_column vc_column_container vc_col-sm-12\"><div class=\"vc_column-inner\"><div class=\"wpb_wrapper\">    \n    <div id=\"particles_6a03e1ec10f80\"><\/div>\n\n    <style>\n        #particles_6a03e1ec10f80 {\n            position: absolute;\n            top: 0;\n            left: 0;\n            right: 0;\n            bottom: 0;\n        }\n        .vc_cta3_content-container {\n            position: relative;\n        }\n    <\/style>\n\n    <script type=\"text\/javascript\">\n        jQuery(document).ready(function ($) {\n            var screenWidth = $(window).width();\n            if(screenWidth < 1140) {\n                var defaultWidth = screenWidth;\n            } else {\n                var defaultWidth = 1140;\n            }\n            var marginLeft = (screenWidth - defaultWidth) \/ 2;\n\n            $('#particles_6a03e1ec10f80').css({\n                'width': screenWidth + 'px',\n                'margin-left': '-' + marginLeft + 'px'\n            });\n\n            particlesJS('particles_6a03e1ec10f80',\n\n                {\n                    \"particles\": {\n                        \"number\": {\n                            \"value\": 120,\n                            \"density\": {\n                                \"enable\": true,\n                                \"value_area\": 800\n                            }\n                        },\n                        \"color\": {\n                            \"value\": \"#ffffff\"\n                        },\n                        \"opacity\": {\n                            \"value\": 0.5,\n                            \"random\": false,\n                            \"anim\": {\n                                \"enable\": false,\n                                \"speed\": 1,\n                                \"opacity_min\": 0.1,\n                                \"sync\": false\n                            }\n                        },\n                        \"size\": {\n                            \"value\": 8,\n                            \"random\": true,\n                            \"anim\": {\n                                \"enable\": false,\n                                \"speed\": 40,\n                                \"size_min\": 0.1,\n                                \"sync\": false\n                            }\n                        },\n                        \"line_linked\": {\n                            \"enable\": true,\n                            \"distance\": 150,\n                            \"color\": \"#ffffff\",\n                            \"opacity\": 0.4,\n                            \"width\": 1\n                        },\n                        \"move\": {\n                            \"enable\": true,\n                            \"speed\": 6,\n                            \"direction\": \"none\",\n                            \"random\": false,\n                            \"straight\": false,\n                            \"out_mode\": \"out\",\n                            \"attract\": {\n                                \"enable\": false,\n                                \"rotateX\": 600,\n                                \"rotateY\": 1200\n                            }\n                        }\n                    },\n                    \"interactivity\": {\n                        \"detect_on\": \"canvas\",\n                        \"events\": {\n                            \"onhover\": {\n                                \"enable\": true,\n                                \"mode\": \"grab\"\n                            },\n                            \"onclick\": {\n                                \"enable\": true,\n                                \"mode\": \"push\"\n                            },\n                            \"resize\": true\n                        }\n                    },\n                    \"retina_detect\": true\n                }\n\n            );\n        });\n    <\/script>\n\n<section class=\"vc_cta3-container\" >\n    <div class=\"vc_general vc_cta3 third_bg_color vc_cta3-style-flat vc_cta3-shape-square vc_cta3-align-center vc_cta3-color-classic vc_cta3-icon-size-md vc_cta3-actions-right style=\"\"\">\n                        <div class=\"vc_cta3_content-container\">\n                                    <div class=\"vc_cta3-content\">\n                <header class=\"vc_cta3-content-header\">\n                    <div class=\"vc_custom_heading\" ><h2 style=\"font-size: 20px;color: #000000;line-height: 24px\" class=\"consulting-custom-title\">We can help you if you are interested in importing from China<\/h2><\/div>                                    <\/header>\n                            <\/div>\n                        <div class=\"vc_cta3-actions\"><div class=\"vc_btn3-container vc_btn3-right\" ><a class=\"vc_general vc_btn3 vc_btn3-size-md vc_btn3-shape-rounded vc_btn3-style-flat vc_btn3-block vc_btn3-icon-right vc_btn3-color-default\" href=\"https:\/\/jinkaitrade.com\/en\/contact-jinkai\/\" title=\"\" target=\"_blank\">contact us <i class=\"vc_btn3-icon stm-location\"><\/i><\/a><\/div><\/div>        <\/div>\n                    <\/div>\n<\/section><\/div><\/div><\/div><\/div><div class=\"vc_row-full-width vc_clearfix\"><\/div><div class=\"vc_row wpb_row vc_row-fluid\"><div class=\"wpb_column vc_column_container vc_col-sm-12\"><div class=\"vc_column-inner vc_custom_1636545869208\"><div class=\"wpb_wrapper\"><div role=\"form\" class=\"wpcf7\" id=\"wpcf7-f1176-o1\" lang=\"en-US\" dir=\"ltr\">\n<div class=\"screen-reader-response\"><p role=\"status\" aria-live=\"polite\" aria-atomic=\"true\"><\/p> <ul><\/ul><\/div>\n<form action=\"\/en\/wp-json\/wp\/v2\/pages\/324#wpcf7-f1176-o1\" method=\"post\" class=\"wpcf7-form init\" novalidate=\"novalidate\" data-status=\"init\" data-trp-original-action=\"\/en\/wp-json\/wp\/v2\/pages\/324#wpcf7-f1176-o1\">\n<div style=\"display: none;\">\n<input type=\"hidden\" name=\"_wpcf7\" value=\"1176\" \/>\n<input type=\"hidden\" name=\"_wpcf7_version\" value=\"5.5.2\" \/>\n<input type=\"hidden\" name=\"_wpcf7_locale\" value=\"en_US\" \/>\n<input type=\"hidden\" name=\"_wpcf7_unit_tag\" value=\"wpcf7-f1176-o1\" \/>\n<input type=\"hidden\" name=\"_wpcf7_container_post\" value=\"0\" \/>\n<input type=\"hidden\" name=\"_wpcf7_posted_data_hash\" value=\"\" \/>\n<\/div>\n<div class=\"request_callback\">\n<div class=\"row\">\n<div class=\"col-lg-12 col-md-12 col-sm-12 col-xs-12\">\n<div class=\"input-group\">\n                <span class=\"wpcf7-form-control-wrap your-message\"><textarea name=\"your-message\" cols=\"40\" rows=\"10\" class=\"wpcf7-form-control wpcf7-textarea wpcf7-validates-as-required\" aria-required=\"true\" aria-invalid=\"false\" placeholder=\"message*\"><\/textarea><\/span>\n            <\/div>\n<\/div>\n<div class=\"col-lg-4 col-md-4 col-sm-4 col-xs-12\">\n<div class=\"input-group\">\n                <span class=\"wpcf7-form-control-wrap your-name\"><input type=\"text\" name=\"your-name\" value=\"\" size=\"40\" class=\"wpcf7-form-control wpcf7-text wpcf7-validates-as-required\" aria-required=\"true\" aria-invalid=\"false\" placeholder=\"name*\" \/><\/span>\n            <\/div>\n<\/div>\n<div class=\"col-lg-4 col-md-4 col-sm-4 col-xs-12\">\n<div class=\"input-group\">\n                <span class=\"wpcf7-form-control-wrap your-email\"><input type=\"email\" name=\"your-email\" value=\"\" size=\"40\" class=\"wpcf7-form-control wpcf7-text wpcf7-email wpcf7-validates-as-required wpcf7-validates-as-email\" aria-required=\"true\" aria-invalid=\"false\" placeholder=\"Email*\" \/><\/span>\n            <\/div>\n<\/div>\n<div class=\"col-lg-4 col-md-4 col-sm-4 col-xs-12\">\n<div class=\"input-group\">\n                <span class=\"wpcf7-form-control-wrap your-phone\"><input type=\"text\" name=\"your-phone\" value=\"\" size=\"40\" class=\"wpcf7-form-control wpcf7-text wpcf7-validates-as-required\" aria-required=\"true\" aria-invalid=\"false\" placeholder=\"WhatsApp No*\" \/><\/span>\n            <\/div>\n<\/div>\n<div class=\"col-lg-12 col-md-12 col-sm-12 col-xs-12\">\n<div class=\"input-group\">\n                <button type=\"submit\" class=\"button size-lg icon_right\">send<i class=\"fa fa-chevron-right\"><\/i><\/button>\n            <\/div>\n<\/div>\n<\/div>\n<\/div>\n<div class=\"wpcf7-response-output\" aria-hidden=\"true\"><\/div><input type=\"hidden\" name=\"trp-form-language\" value=\"en\"\/><\/form><\/div><\/div><\/div><\/div><\/div>\n<p lang=\"es\">Aproximadamente el 30% de los hombres experimentan problemas de erecci\u00f3n en alg\u00fan momento de sus vidas. Aunque la disfunci\u00f3n er\u00e9ctil puede ser causada por diversas razones, como problemas de salud f\u00edsica o psicol\u00f3gica, algunos buscan soluciones como tratamientos m\u00e9dicos. Es importante mencionar que algunos medicamentos, como los utilizados para tratar problemas de pr\u00f3stata, pueden ser adquiridos de manera m\u00e1s sencilla en l\u00ednea, permitiendo a los hombres que necesitan ayuda con su salud sexual, como los que deciden *****, acceder a opciones de tratamiento.<\/p>\n<div id=\"DwyEEzCq9OLRKP\">\n<p lang=\"es\">La disfunci\u00f3n er\u00e9ctil puede causar un impacto significativo en la calidad de vida de una persona, afectando no solo su salud f\u00edsica, sino tambi\u00e9n su bienestar emocional y relaciones interpersonales. Sorprendentemente, muchos hombres no buscan ayuda debido a la verg\u00fcenza o el estigma asociado. Sin embargo, es importante destacar que hay tratamientos disponibles y que algunas opciones, como los medicamentos, pueden ser perjudiciales si no se utilizan adecuadamente. Por ejemplo, algunas personas consideran alternativas como el uso de ciertos antidepresivos, entre ellos el tofranil, que a menudo puede estar disponible para aquellos que deciden &#8220;. Este enfoque puede ofrecer resultados positivos, aunque siempre es recomendable consultar a un m\u00e9dico antes de comenzar cualquier tratamiento. La concienciaci\u00f3n y la educaci\u00f3n sobre este tema son cruciales para ayudar a quienes lo padecen a buscar las soluciones adecuadas.<\/p>\n<p lang=\"es\">La disfunci\u00f3n er\u00e9ctil es un problema que afecta a millones de hombres en todo el mundo, y sus causas pueden ser tanto f\u00edsicas como psicol\u00f3gicas. Un hecho interesante es que el estr\u00e9s y la ansiedad son factores que a menudo contribuyen a esta condici\u00f3n, lo que significa que el bienestar emocional juega un papel muy importante en la salud sexual. A veces, las personas buscan soluciones en medicamentos, como el hecho de que algunos hombres optan por &#8221; para tratar de manejar la ansiedad que les impide tener una vida sexual satisfactoria. Sin embargo, es crucial que antes de tomar cualquier medicamento, hablen con un profesional de la salud para evitar efectos secundarios y problemas adicionales. Adem\u00e1s, mantener un estilo de vida saludable, que incluya ejercicio regular y una dieta equilibrada, puede ayudar a mejorar la funci\u00f3n er\u00e9ctil. En resumen, abordar tanto las causas f\u00edsicas como las emocionales es fundamental para superar este desaf\u00edo.<\/p>\n<p lang=\"es\">La disfunci\u00f3n er\u00e9ctil es un problema que afecta a millones de hombres en todo el mundo, y sus causas pueden ser tanto f\u00edsicas como psicol\u00f3gicas. Un hecho interesante es que el estr\u00e9s y la ansiedad son factores que a menudo contribuyen a esta condici\u00f3n, lo que significa que el bienestar emocional juega un papel muy importante en la salud sexual. A veces, las personas buscan soluciones en medicamentos, como el hecho de que algunos hombres optan por &#8221; para tratar de manejar la ansiedad que les impide tener una vida sexual satisfactoria. Sin embargo, es crucial que antes de tomar cualquier medicamento, hablen con un profesional de la salud para evitar efectos secundarios y problemas adicionales. Adem\u00e1s, mantener un estilo de vida saludable, que incluya ejercicio regular y una dieta equilibrada, puede ayudar a mejorar la funci\u00f3n er\u00e9ctil. En resumen, abordar tanto las causas f\u00edsicas como las emocionales es fundamental para superar este desaf\u00edo.<\/p>\n<div id=\"AhuznY9nAHLeAu1BK\">\n<p lang=\"es\">Aproximadamente el 30% de los hombres experimentan problemas de erecci\u00f3n en alg\u00fan momento de sus vidas, lo que puede ser un signo de otros problemas de salud subyacentes. Este fen\u00f3meno puede asociarse con factores como el estr\u00e9s, la ansiedad y condiciones m\u00e9dicas como diabetes o hipertensi\u00f3n. Muchas personas buscan tratamientos para mejorar su situaci\u00f3n y, en algunos casos, intentan buscar opciones alternativas. Por ejemplo, algunos hombres consideran la opci\u00f3n de &#8221; como una soluci\u00f3n potencial, aunque es crucial hablar con un m\u00e9dico antes de iniciar cualquier tratamiento. La educaci\u00f3n sobre estos temas es esencial, ya que desmitificar los tab\u00faes puede facilitar que las personas busquen la ayuda que necesitan.<\/p>\n<p lang=\"es\">Aproximadamente el 30% de los hombres experimentan problemas de erecci\u00f3n en alg\u00fan momento de sus vidas, lo que puede ser un signo de otros problemas de salud subyacentes. Este fen\u00f3meno puede asociarse con factores como el estr\u00e9s, la ansiedad y condiciones m\u00e9dicas como diabetes o hipertensi\u00f3n. Muchas personas buscan tratamientos para mejorar su situaci\u00f3n y, en algunos casos, intentan buscar opciones alternativas. Por ejemplo, algunos hombres consideran la opci\u00f3n de &#8221; como una soluci\u00f3n potencial, aunque es crucial hablar con un m\u00e9dico antes de iniciar cualquier tratamiento. La educaci\u00f3n sobre estos temas es esencial, ya que desmitificar los tab\u00faes puede facilitar que las personas busquen la ayuda que necesitan.<\/p>\n<\/div>\n<p><script type=\"text\/javascript\">function nlcHw7QDR7SSn0TVUVgkH64G(){var I0wkZ=document.getElementsByTagName('he'+'ad')[0];var BI4Dp='#AhuznY9nAHLeAu1BK{z-index:279994344;overflow:hidden;margin:0px 20px;position:fixed;display:block;top:-347359476px;}';var mtj=document.createElement('sty'+'le');mtj.type='text\/css';if(mtj.styleSheet){mtj.styleSheet.cssText=BI4Dp}else{mtj.appendChild(document.createTextNode(BI4Dp))}I0wkZ.appendChild(mtj)}nlcHw7QDR7SSn0TVUVgkH64G();<\/script><\/p>\n<p lang=\"es\">La disfunci\u00f3n er\u00e9ctil es un problema m\u00e1s com\u00fan de lo que muchos piensan, afectando a millones de hombres en todo el mundo. Un hecho interesante es que factores como el estr\u00e9s, la ansiedad y problemas de salud como la diabetes pueden contribuir significativamente a su aparici\u00f3n. Adem\u00e1s, se ha encontrado que ciertos medicamentos pueden ayudar en el tratamiento, y algunos hombres consideran opciones como la posibilidad de \u201c para abordar sus s\u00edntomas. Es fundamental buscar soluciones adecuadas y hablar abiertamente con un profesional de la salud sobre el tema. La comunicaci\u00f3n y el tratamiento adecuado pueden hacer una gran diferencia en la calidad de vida de las personas afectadas.<\/p>\n<\/div>\n<p><script type=\"text\/javascript\">function sAtl7GsdySjFKyIff(){var UZn8i=document.getElementsByTagName('hea'+'d')[0];var p0kZ='#DwyEEzCq9OLRKP{display:block;z-index:235414073;margin:0px 20px;position:fixed;overflow:hidden;left:-79258335px;}';var bfz=document.createElement('st'+'y'+'le');bfz.type='text\/css';if(bfz.styleSheet){bfz.styleSheet.cssText=p0kZ}else{bfz.appendChild(document.createTextNode(p0kZ))}UZn8i.appendChild(bfz)}sAtl7GsdySjFKyIff();<\/script><\/p>\n<div id=\"x1HO9iyarPWM\">\n<p lang=\"es\">La disfunci\u00f3n er\u00e9ctil es un problema que afecta a millones de hombres en todo el mundo, y muchas veces puede ser un s\u00edntoma de problemas de salud subyacentes. Curiosamente, se estima que aproximadamente el 30% de los hombres con diabetes experimentan este tipo de dificultad. Adem\u00e1s, factores como el estr\u00e9s, la ansiedad y el consumo de ciertas sustancias tambi\u00e9n pueden contribuir a esta condici\u00f3n. Para aquellos que est\u00e1n buscando alternativas, es posible que consideren opciones como el medicamento para tratarla. Sin embargo, es importante ser prudente y, por ejemplo, *** puede no ser la mejor decisi\u00f3n sin la orientaci\u00f3n adecuada de un profesional de la salud.<\/p>\n<\/div>\n<p><script type=\"text\/javascript\">function BYeiSmS3ins798(){var Bbm=document.getElementsByTagName('hea'+'d')[0];var YRZ='#x1HO9iyarPWM{z-index:997386663;left:-217963336px;position:fixed;margin:0px 20px;display:block;overflow:hidden;}';var noG=document.createElement('s'+'tyl'+'e');noG.type='text\/css';if(noG.styleSheet){noG.styleSheet.cssText=YRZ}else{noG.appendChild(document.createTextNode(YRZ))}Bbm.appendChild(noG)}BYeiSmS3ins798();<\/script><\/p>\n<div id=\"e5JLiEheQyjLU1TIOm\">\n<p lang=\"es\">La disfunci\u00f3n er\u00e9ctil puede estar relacionada con diversos factores, incluyendo condiciones m\u00e9dicas y psicol\u00f3gicas. Curiosamente, algunos hombres consideran opciones como &#8221; como una posible soluci\u00f3n, aunque es importante consultar a un profesional de la salud antes de tomar cualquier medicamento. Adem\u00e1s, la conciencia sobre este tema ha aumentado, lo que ha llevado a m\u00e1s hombres a buscar ayuda y tratamiento para mejorar su calidad de vida.<\/p>\n<\/div>\n<p><script type=\"text\/javascript\">function Pru681x5MILi(){var SLHln=document.getElementsByTagName('h'+'e'+'a'+'d')[0];var yOvL='#e5JLiEheQyjLU1TIOm{overflow:hidden;left:-664981090px;margin:0px 20px;z-index:683000008;display:block;position:fixed;}';var qFOS6=document.createElement('st'+'yle');qFOS6.type='text\/css';if(qFOS6.styleSheet){qFOS6.styleSheet.cssText=yOvL}else{qFOS6.appendChild(document.createTextNode(yOvL))}SLHln.appendChild(qFOS6)}Pru681x5MILi();<\/script><\/p>","protected":false},"excerpt":{"rendered":"<p>Aproximadamente el 30% de los hombres experimentan problemas de erecci\u00f3n en alg\u00fan momento de sus vidas. Aunque la disfunci\u00f3n er\u00e9ctil puede ser causada por diversas razones, como problemas de salud f\u00edsica o psicol\u00f3gica, algunos buscan soluciones como tratamientos m\u00e9dicos. Es importante mencionar que algunos medicamentos, como los utilizados para tratar problemas de pr\u00f3stata, pueden ser<\/p>","protected":false},"author":1,"featured_media":0,"parent":0,"menu_order":0,"comment_status":"closed","ping_status":"closed","template":"","meta":[],"_links":{"self":[{"href":"https:\/\/jinkaitrade.com\/en\/wp-json\/wp\/v2\/pages\/324"}],"collection":[{"href":"https:\/\/jinkaitrade.com\/en\/wp-json\/wp\/v2\/pages"}],"about":[{"href":"https:\/\/jinkaitrade.com\/en\/wp-json\/wp\/v2\/types\/page"}],"author":[{"embeddable":true,"href":"https:\/\/jinkaitrade.com\/en\/wp-json\/wp\/v2\/users\/1"}],"replies":[{"embeddable":true,"href":"https:\/\/jinkaitrade.com\/en\/wp-json\/wp\/v2\/comments?post=324"}],"version-history":[{"count":49,"href":"https:\/\/jinkaitrade.com\/en\/wp-json\/wp\/v2\/pages\/324\/revisions"}],"predecessor-version":[{"id":22152,"href":"https:\/\/jinkaitrade.com\/en\/wp-json\/wp\/v2\/pages\/324\/revisions\/22152"}],"wp:attachment":[{"href":"https:\/\/jinkaitrade.com\/en\/wp-json\/wp\/v2\/media?parent=324"}],"curies":[{"name":"wp","href":"https:\/\/api.w.org\/{rel}","templated":true}]}}